{"id":215,"date":"2023-02-21T16:31:06","date_gmt":"2023-02-21T16:31:06","guid":{"rendered":"https:\/\/opticaaltamira.com\/?page_id=215"},"modified":"2023-02-21T16:32:49","modified_gmt":"2023-02-21T16:32:49","slug":"aviso-legal","status":"publish","type":"page","link":"https:\/\/opticaaltamira.com\/index.php\/aviso-legal\/","title":{"rendered":"Aviso legal"},"content":{"rendered":"<p>[et_pb_section fb_built=\u00bb1&#8243; theme_builder_area=\u00bbpost_content\u00bb _builder_version=\u00bb4.19.4&#8243; _module_preset=\u00bbdefault\u00bb][et_pb_row _builder_version=\u00bb4.19.4&#8243; _module_preset=\u00bbdefault\u00bb theme_builder_area=\u00bbpost_content\u00bb][et_pb_column _builder_version=\u00bb4.19.4&#8243; _module_preset=\u00bbdefault\u00bb type=\u00bb4_4&#8243; theme_builder_area=\u00bbpost_content\u00bb][et_pb_text _builder_version=\u00bb4.19.4&#8243; _module_preset=\u00bbdefault\u00bb theme_builder_area=\u00bbpost_content\u00bb hover_enabled=\u00bb0&#8243; sticky_enabled=\u00bb0&#8243;]<\/p>\n<h2><strong>AVISO LEGAL<\/strong><\/h2>\n<p>&nbsp;<\/p>\n<p><span style=\"font-weight: 400;\">De conformidad con lo establecido en la Ley 34\/2002, de 11 de julio, de servicios de la sociedad de la informaci\u00f3n y de comercio electr\u00f3nico, se facilita la siguiente informaci\u00f3n:<\/span><\/p>\n<p><span style=\"font-weight: 400;\">\u00a0<\/span><\/p>\n<h4><strong>DATOS IDENTIFICATIVOS<\/strong><\/h4>\n<p><span style=\"font-weight: 400;\">Usted est\u00e1 visitando la p\u00e1gina web\u00a0<\/span><a href=\"http:\/\/www.opticaaltamira.com\"><span style=\"font-weight: 400;\">www.opticaaltamira.com<\/span><\/a><span style=\"font-weight: 400;\">\u00a0 titularidad de GRUPO ALTAMIRA SALUD, S.L., con domicilio social en\u00a0<\/span><a href=\"https:\/\/www.google.es\/maps\/place\/Carrer+del+Filet+de+Fora,+86,+03203+Elx,+Alacant\/@38.2604863,-0.6986585,17z\/data=!3m1!4b1!4m5!3m4!1s0xd63b6ed4a781f5d:0xf04c454365f7d5a!8m2!3d38.2604821!4d-0.6964698?shorturl=1\"><span style=\"font-weight: 400;\">C\/Jorge Juan, 49-1,\u00a0 CP 03201, Elche (Alicante)<\/span><\/a><span style=\"font-weight: 400;\">, con N.I.F. B54204805, en adelante EL TITULAR.<\/span><\/p>\n<p>&nbsp;<\/p>\n<p><span style=\"font-weight: 400;\">Puede contactar con EL TITULAR por cualquiera de los siguientes medios:<\/span><\/p>\n<ul>\n<li style=\"font-weight: 400;\" aria-level=\"1\"><span style=\"font-weight: 400;\">Tel\u00e9fono:\u00a0<\/span><a href=\"tel:633137650\"><span style=\"font-weight: 400;\">(+34) 965441393<\/span><\/a><\/li>\n<li style=\"font-weight: 400;\" aria-level=\"1\"><span style=\"font-weight: 400;\">Correo electr\u00f3nico:\u00a0<\/span><a href=\"mailto:info@olaecommerce.com\"><span style=\"font-weight: 400;\">i<\/span><\/a> <a href=\"mailto:opticaltamira@yahoo.es\"><span style=\"font-weight: 400;\">opticaltamira@yahoo.es<\/span><\/a><\/li>\n<\/ul>\n<p>&nbsp;<\/p>\n<p>&nbsp;<\/p>\n<h4><strong>HOSPEDAJE WEB<\/strong><\/h4>\n<p><span style=\"font-weight: 400;\">\u00a0<\/span><a href=\"http:\/\/www.opticaaltamira.com\"><span style=\"font-weight: 400;\">www.opticaaltamira.com<\/span><\/a><span style=\"font-weight: 400;\">\u00a0<\/span><\/p>\n<h4><strong>USUARIOS<\/strong><\/h4>\n<p><span style=\"font-weight: 400;\">Las presentes condiciones (en adelante Aviso Legal) tiene por finalidad regular el uso de la p\u00e1gina web de GRUPO ALTAMIRA SALUD, S.L. que pone a disposici\u00f3n del p\u00fablico. El acceso y\/o uso de esta p\u00e1gina web atribuye la condici\u00f3n de USUARIO, que acepta, desde dicho acceso y\/o uso, las condiciones generales de uso aqu\u00ed reflejadas. Las citadas condiciones ser\u00e1n de aplicaci\u00f3n independientemente de las condiciones generales de contrataci\u00f3n que en su caso resulten de obligado cumplimiento.<\/span><\/p>\n<p><span style=\"font-weight: 400;\">\u00a0<\/span><\/p>\n<h4><strong>USO DEL PORTAL<\/strong><\/h4>\n<p><span style=\"font-weight: 400;\">La p\u00e1gina web\u00a0<\/span><span style=\"font-weight: 400;\">\u00a0<\/span><a href=\"http:\/\/www.opticaaltamira.com\"><span style=\"font-weight: 400;\">www.opticaaltamira.com<\/span><\/a><span style=\"font-weight: 400;\"> proporciona el acceso a multitud de informaciones, servicios, programas o datos (en adelante, \u201clos contenidos\u201d) en Internet pertenecientes a GRUPO ALTAMIRA SALUD, S.L. o a sus licenciantes a los que el USUARIO puede tener acceso.<\/span><\/p>\n<p><span style=\"font-weight: 400;\">El usuario asume la responsabilidad del uso del portal. Dicha responsabilidad se extiende al registro que fuese necesario para acceder a determinados servicios o contenidos. En dicho registro el USUARIO ser\u00e1 responsable de aportar informaci\u00f3n veraz y l\u00edcita. Como consecuencia de este registro, al USUARIO se le puede proporcionar una contrase\u00f1a de la que ser\u00e1 responsable, comprometi\u00e9ndose a hacer un uso diligente y confidencial de la misma.<\/span><\/p>\n<p><span style=\"font-weight: 400;\">El USUARIO se compromete a hacer un uso adecuado de los contenidos y servicios (p.e. consultar informaci\u00f3n, navegar por la p\u00e1gina web, etc.) que GRUPO ALTAMIRA SALUD, S.L. ofrece a trav\u00e9s de su portal y con car\u00e1cter enunciativo, pero no limitativo, a no emplearlos para:<\/span><\/p>\n<ul>\n<li style=\"font-weight: 400;\" aria-level=\"1\"><span style=\"font-weight: 400;\">Incurrir en actividades il\u00edcitas, ilegales o contrarias a la buena fe y al orden p\u00fablico.<\/span><\/li>\n<li style=\"font-weight: 400;\" aria-level=\"1\"><span style=\"font-weight: 400;\">Difundir contenidos o propaganda racista, xen\u00f3foba, pornogr\u00e1fico-ilegal, de apolog\u00eda del terrorismo o atentatoria contra los derechos humanos.<\/span><\/li>\n<li style=\"font-weight: 400;\" aria-level=\"1\"><span style=\"font-weight: 400;\">Provocar da\u00f1os en los sistemas f\u00edsicos y l\u00f3gicos de GRUPO ALTAMIRA SALUD, de sus proveedores o de terceras personas, introducir o difundir en la red virus inform\u00e1ticos o cualesquiera otros sistemas f\u00edsicos o l\u00f3gicos que sean susceptibles de provocar los da\u00f1os anteriormente mencionados.<\/span><\/li>\n<li style=\"font-weight: 400;\" aria-level=\"1\"><span style=\"font-weight: 400;\">Intentar acceder y, en su caso, utilizar las cuentas de correo electr\u00f3nico de otros usuarios y modificar o manipular sus mensajes.<\/span><\/li>\n<li style=\"font-weight: 400;\" aria-level=\"1\"><span style=\"font-weight: 400;\">Utilizar el sitio web ni las informaciones que en \u00e9l se contienen con fines comerciales, pol\u00edticos, publicitarios y para cualquier uso comercial, sobre todo en el env\u00edo de correos electr\u00f3nicos no solicitados.<\/span><\/li>\n<\/ul>\n<p><span style=\"font-weight: 400;\">\u00a0<\/span><\/p>\n<h4><strong>PROTECCI\u00d3N DE DATOS<\/strong><\/h4>\n<p><span style=\"font-weight: 400;\">Todo lo relativo a la pol\u00edtica de protecci\u00f3n de datos se encuentra recogido en el documento de pol\u00edtica de privacidad.<\/span><\/p>\n<p><span style=\"font-weight: 400;\">\u00a0<\/span><\/p>\n<h4><strong>CONTENIDOS. PROPIEDAD INTELECTUAL E INDUSTRIAL<\/strong><\/h4>\n<p><span style=\"font-weight: 400;\">GRUPO ALTAMIRA SALUD, S.L. es propietario de todos los derechos de propiedad intelectual e industrial de su p\u00e1gina web, as\u00ed como de los elementos contenidos en la misma (a t\u00edtulo enunciativo: im\u00e1genes, fotograf\u00edas, sonido, audio, v\u00eddeo, software o textos; marcas o logotipos, combinaciones de colores, estructura y dise\u00f1o, selecci\u00f3n de materiales usados, programas de ordenador necesarios para su funcionamiento, acceso y uso, etc.), titularidad de GRUPO ALTAMIRA SALUD, S.L. o bien de sus licenciantes.<\/span><\/p>\n<p><span style=\"font-weight: 400;\">Todos los derechos reservados. En virtud de lo dispuesto en los art\u00edculos 8 y 32.1, p\u00e1rrafo segundo, de la Ley de Propiedad Intelectual, quedan expresamente prohibidas la reproducci\u00f3n, la distribuci\u00f3n y la comunicaci\u00f3n p\u00fablica, incluida su modalidad de puesta a disposici\u00f3n, de la totalidad o parte de los contenidos de esta p\u00e1gina web, con fines comerciales, en cualquier soporte y por cualquier medio t\u00e9cnico, sin la autorizaci\u00f3n de GRUPO ALTAMIRA SALUD.<\/span><\/p>\n<p><span style=\"font-weight: 400;\">\u00a0<\/span><\/p>\n<h4><strong>EXCLUSI\u00d3N DE GARANT\u00cdAS Y RESPONSABILIDAD<\/strong><\/h4>\n<p><span style=\"font-weight: 400;\">El USUARIO reconoce que la utilizaci\u00f3n de la p\u00e1gina web y de sus contenidos y servicios se desarrolla bajo su exclusiva responsabilidad. En concreto, a t\u00edtulo meramente enunciativo, GRUPO ALTAMIRA SALUD, S.L. no asume ninguna responsabilidad en los siguientes \u00e1mbitos:<\/span><\/p>\n<ul>\n<li style=\"font-weight: 400;\" aria-level=\"1\"><span style=\"font-weight: 400;\">La disponibilidad del funcionamiento de la p\u00e1gina web, sus servicios y contenidos y su calidad o interoperabilidad.<\/span><\/li>\n<li style=\"font-weight: 400;\" aria-level=\"1\"><span style=\"font-weight: 400;\">La finalidad para la que la p\u00e1gina web sirva a los objetivos del USUARIO.<\/span><\/li>\n<li style=\"font-weight: 400;\" aria-level=\"1\"><span style=\"font-weight: 400;\">La infracci\u00f3n de la legislaci\u00f3n vigente por parte del USUARIO o terceros y, en concreto, de los derechos de propiedad intelectual e industrial que sean titularidad de otras personas o entidades.<\/span><\/li>\n<li style=\"font-weight: 400;\" aria-level=\"1\"><span style=\"font-weight: 400;\">La existencia de c\u00f3digos maliciosos o cualquier otro elemento inform\u00e1tico da\u00f1ino que pudiera causar el sistema inform\u00e1tico del USUARIO o de terceros. Corresponde al USUARIO, en todo caso, disponer de herramientas adecuadas para la detecci\u00f3n y desinfecci\u00f3n de estos elementos.<\/span><\/li>\n<li style=\"font-weight: 400;\" aria-level=\"1\"><span style=\"font-weight: 400;\">El acceso fraudulento a los contenidos o servicios por terceros no autorizados, o, en su caso, la captura, eliminaci\u00f3n, alteraci\u00f3n, modificaci\u00f3n o manipulaci\u00f3n de los mensajes y comunicaciones de cualquier clase que dichos terceros pudiera realizar.<\/span><\/li>\n<li style=\"font-weight: 400;\" aria-level=\"1\"><span style=\"font-weight: 400;\">La exactitud, veracidad, actualidad y utilidad de los contenidos y servicios ofrecidos y la utilizaci\u00f3n posterior que de ellos haga el USUARIO. GRUPO ALTAMIRA SALUD, S.L. emplear\u00e1n todos los esfuerzos y medios razonables para facilitar la informaci\u00f3n actualizada y fehaciente.<\/span><\/li>\n<li style=\"font-weight: 400;\" aria-level=\"1\"><span style=\"font-weight: 400;\">Los da\u00f1os producidos a equipos inform\u00e1ticos durante el acceso a la p\u00e1gina web y los da\u00f1os producidos a los USUARIOS cuando tengan su origen en fallos o desconexiones en las redes de telecomunicaciones que interrumpan el servicio.<\/span><\/li>\n<li style=\"font-weight: 400;\" aria-level=\"1\"><span style=\"font-weight: 400;\">Los da\u00f1os o perjuicios que se deriven de circunstancias acaecidas por caso fortuito o fuerza mayor.<\/span><\/li>\n<\/ul>\n<p><span style=\"font-weight: 400;\">\u00a0<\/span><\/p>\n<h4><strong>MODIFICACI\u00d3N DE ESTE AVISO LEGAL Y DURACI\u00d3N<\/strong><\/h4>\n<p><span style=\"font-weight: 400;\">GRUPO ALTAMIRA SALUD, S.L. se reserva el derecho de efectuar sin previo aviso las modificaciones que considere oportunas en su portal, pudiendo cambiar, suprimir o a\u00f1adir tantos contenidos y servicios que se presten a trav\u00e9s de la misma, como la forma en la que \u00e9stos aparezcan representados o localizados en su portal. La vigencia de las citadas condiciones ir\u00e1 en funci\u00f3n de su exposici\u00f3n y estar\u00e1n vigentes hasta que sean modificadas por otras debidamente publicadas.<\/span><\/p>\n<p><span style=\"font-weight: 400;\">\u00a0<\/span><\/p>\n<h4><strong>ENLACES<\/strong><\/h4>\n<p><span style=\"font-weight: 400;\">En el caso de que en\u00a0<\/span><span style=\"font-weight: 400;\">\u00a0<\/span><a href=\"http:\/\/www.opticaaltamira.com\"><span style=\"font-weight: 400;\">www.opticaaltamira.com<\/span><\/a><span style=\"font-weight: 400;\"> se incluyesen enlaces o hiperv\u00ednculos hacia otros sitios de Internet, GRUPO ALTAMIRA SALUD, S.L. no ejercer\u00e1 ning\u00fan tipo de control sobre dichos sitios y contenidos. En ning\u00fan caso GRUPO ALTAMIRA SALUD, S.L. asumir\u00e1 responsabilidad alguna por los contenidos de alg\u00fan enlace perteneciente a un sitio web ajeno, ni garantizar\u00e1 la disponibilidad t\u00e9cnica, calidad, fiabilidad, exactitud, amplitud, veracidad, validez y constitucionalidad de cualquier materia o informaci\u00f3n contenida en ninguno de dichos hiperv\u00ednculos y otros sitios en Internet. Igualmente, la inclusi\u00f3n de estas conexiones externas no implicar\u00e1 ning\u00fan tipo de asociaci\u00f3n, fusi\u00f3n o participaci\u00f3n con las entidades conectadas.<\/span><\/p>\n<p><span style=\"font-weight: 400;\">\u00a0<\/span><\/p>\n<h4><strong>DERECHOS DE EXCLUSI\u00d3N<\/strong><\/h4>\n<p><span style=\"font-weight: 400;\">GRUPO ALTAMIRA SALUD, S.L. se reserva el derecho a denegar o retirar el acceso al portal y\/o los servicios ofrecidos sin necesidad de advertencia previa, a instancia propia o de un tercero, a aquellos usuarios que incumplan el contenido de este aviso legal.<\/span><\/p>\n<p><span style=\"font-weight: 400;\">\u00a0<\/span><\/p>\n<h4><strong>GENERALIDADES<\/strong><\/h4>\n<p><span style=\"font-weight: 400;\">GRUPO ALTAMIRA SALUD, S.L. perseguir\u00e1 el incumplimiento de las presentes condiciones as\u00ed como cualquier utilizaci\u00f3n indebida de su portal ejerciendo todas las acciones civiles y penales que le puedan corresponder en derecho.<\/span><\/p>\n<p><span style=\"font-weight: 400;\">\u00a0<\/span><\/p>\n<h4><strong>LEGISLACI\u00d3N APLICABLE Y JURISDICCI\u00d3N<\/strong><\/h4>\n<p><span style=\"font-weight: 400;\">La relaci\u00f3n entre GRUPO ALTAMIRA SALUD, S.L. y EL USUARIO se regir\u00e1 por la normativa espa\u00f1ola vigente. Todas las disputas y reclamaciones derivadas de este aviso legal se resolver\u00e1n por los juzgados y tribunales espa\u00f1oles.<\/span><\/p>\n<p><span style=\"font-weight: 400;\">\u00a0<\/span><\/p>\n<h4><strong>MENORES DE EDAD<\/strong><\/h4>\n<p><span style=\"font-weight: 400;\">GRUPO ALTAMIRA SALUD, S.L. dirige sus servicios a usuarios mayores de 18 a\u00f1os. Los menores de esta edad, no est\u00e1n autorizados a utilizar nuestros servicios y no deber\u00e1n, por tanto, enviarnos sus datos personales. Informamos de que si se da tal circunstancia, GRUPO ALTAMIRA SALUD, S.L. no se hace responsable de las posibles consecuencias que pudieran derivarse del incumplimiento del aviso que en esta misma cl\u00e1usula se establece.<\/span><\/p>\n<p>&nbsp;<\/p>\n<p>[\/et_pb_text][\/et_pb_column][\/et_pb_row][\/et_pb_section]<\/p>\n","protected":false},"excerpt":{"rendered":"<p>AVISO LEGAL &nbsp; De conformidad con lo establecido en la Ley 34\/2002, de 11 de julio, de servicios de la sociedad de la informaci\u00f3n y de comercio electr\u00f3nico, se facilita la siguiente informaci\u00f3n: \u00a0 DATOS IDENTIFICATIVOS Usted est\u00e1 visitando la p\u00e1gina web\u00a0www.opticaaltamira.com\u00a0 titularidad de GRUPO ALTAMIRA SALUD, S.L., con domicilio social en\u00a0C\/Jorge Juan, 49-1,\u00a0 CP [&hellip;]<\/p>\n","protected":false},"author":1,"featured_media":0,"parent":0,"menu_order":0,"comment_status":"closed","ping_status":"closed","template":"","meta":{"_et_pb_use_builder":"on","_et_pb_old_content":"","_et_gb_content_width":"","footnotes":""},"class_list":["post-215","page","type-page","status-publish","hentry"],"yoast_head":"<!-- This site is optimized with the Yoast SEO plugin v20.7 - https:\/\/yoast.com\/wordpress\/plugins\/seo\/ -->\n<title>Aviso legal - &Oacute;ptica Altamira<\/title>\n<meta name=\"robots\" content=\"index, follow, max-snippet:-1, max-image-preview:large, max-video-preview:-1\" \/>\n<link rel=\"canonical\" href=\"https:\/\/opticaaltamira.com\/index.php\/aviso-legal\/\" \/>\n<meta property=\"og:locale\" content=\"es_ES\" \/>\n<meta property=\"og:type\" content=\"article\" \/>\n<meta property=\"og:title\" content=\"Aviso legal - &Oacute;ptica Altamira\" \/>\n<meta property=\"og:description\" content=\"AVISO LEGAL &nbsp; De conformidad con lo establecido en la Ley 34\/2002, de 11 de julio, de servicios de la sociedad de la informaci\u00f3n y de comercio electr\u00f3nico, se facilita la siguiente informaci\u00f3n: \u00a0 DATOS IDENTIFICATIVOS Usted est\u00e1 visitando la p\u00e1gina web\u00a0www.opticaaltamira.com\u00a0 titularidad de GRUPO ALTAMIRA SALUD, S.L., con domicilio social en\u00a0C\/Jorge Juan, 49-1,\u00a0 CP [&hellip;]\" \/>\n<meta property=\"og:url\" content=\"https:\/\/opticaaltamira.com\/index.php\/aviso-legal\/\" \/>\n<meta property=\"og:site_name\" content=\"&Oacute;ptica Altamira\" \/>\n<meta property=\"article:modified_time\" content=\"2023-02-21T16:32:49+00:00\" \/>\n<meta name=\"twitter:card\" content=\"summary_large_image\" \/>\n<meta name=\"twitter:label1\" content=\"Tiempo de lectura\" \/>\n\t<meta name=\"twitter:data1\" content=\"7 minutos\" \/>\n<script type=\"application\/ld+json\" class=\"yoast-schema-graph\">{\"@context\":\"https:\/\/schema.org\",\"@graph\":[{\"@type\":\"WebPage\",\"@id\":\"https:\/\/opticaaltamira.com\/index.php\/aviso-legal\/\",\"url\":\"https:\/\/opticaaltamira.com\/index.php\/aviso-legal\/\",\"name\":\"Aviso legal - &Oacute;ptica Altamira\",\"isPartOf\":{\"@id\":\"https:\/\/opticaaltamira.com\/#website\"},\"datePublished\":\"2023-02-21T16:31:06+00:00\",\"dateModified\":\"2023-02-21T16:32:49+00:00\",\"breadcrumb\":{\"@id\":\"https:\/\/opticaaltamira.com\/index.php\/aviso-legal\/#breadcrumb\"},\"inLanguage\":\"es\",\"potentialAction\":[{\"@type\":\"ReadAction\",\"target\":[\"https:\/\/opticaaltamira.com\/index.php\/aviso-legal\/\"]}]},{\"@type\":\"BreadcrumbList\",\"@id\":\"https:\/\/opticaaltamira.com\/index.php\/aviso-legal\/#breadcrumb\",\"itemListElement\":[{\"@type\":\"ListItem\",\"position\":1,\"name\":\"Portada\",\"item\":\"https:\/\/opticaaltamira.com\/\"},{\"@type\":\"ListItem\",\"position\":2,\"name\":\"Aviso legal\"}]},{\"@type\":\"WebSite\",\"@id\":\"https:\/\/opticaaltamira.com\/#website\",\"url\":\"https:\/\/opticaaltamira.com\/\",\"name\":\"&Oacute;ptica Altamira\",\"description\":\"\",\"potentialAction\":[{\"@type\":\"SearchAction\",\"target\":{\"@type\":\"EntryPoint\",\"urlTemplate\":\"https:\/\/opticaaltamira.com\/?s={search_term_string}\"},\"query-input\":\"required name=search_term_string\"}],\"inLanguage\":\"es\"}]}<\/script>\n<!-- \/ Yoast SEO plugin. -->","yoast_head_json":{"title":"Aviso legal - &Oacute;ptica Altamira","robots":{"index":"index","follow":"follow","max-snippet":"max-snippet:-1","max-image-preview":"max-image-preview:large","max-video-preview":"max-video-preview:-1"},"canonical":"https:\/\/opticaaltamira.com\/index.php\/aviso-legal\/","og_locale":"es_ES","og_type":"article","og_title":"Aviso legal - &Oacute;ptica Altamira","og_description":"AVISO LEGAL &nbsp; De conformidad con lo establecido en la Ley 34\/2002, de 11 de julio, de servicios de la sociedad de la informaci\u00f3n y de comercio electr\u00f3nico, se facilita la siguiente informaci\u00f3n: \u00a0 DATOS IDENTIFICATIVOS Usted est\u00e1 visitando la p\u00e1gina web\u00a0www.opticaaltamira.com\u00a0 titularidad de GRUPO ALTAMIRA SALUD, S.L., con domicilio social en\u00a0C\/Jorge Juan, 49-1,\u00a0 CP [&hellip;]","og_url":"https:\/\/opticaaltamira.com\/index.php\/aviso-legal\/","og_site_name":"&Oacute;ptica Altamira","article_modified_time":"2023-02-21T16:32:49+00:00","twitter_card":"summary_large_image","twitter_misc":{"Tiempo de lectura":"7 minutos"},"schema":{"@context":"https:\/\/schema.org","@graph":[{"@type":"WebPage","@id":"https:\/\/opticaaltamira.com\/index.php\/aviso-legal\/","url":"https:\/\/opticaaltamira.com\/index.php\/aviso-legal\/","name":"Aviso legal - &Oacute;ptica Altamira","isPartOf":{"@id":"https:\/\/opticaaltamira.com\/#website"},"datePublished":"2023-02-21T16:31:06+00:00","dateModified":"2023-02-21T16:32:49+00:00","breadcrumb":{"@id":"https:\/\/opticaaltamira.com\/index.php\/aviso-legal\/#breadcrumb"},"inLanguage":"es","potentialAction":[{"@type":"ReadAction","target":["https:\/\/opticaaltamira.com\/index.php\/aviso-legal\/"]}]},{"@type":"BreadcrumbList","@id":"https:\/\/opticaaltamira.com\/index.php\/aviso-legal\/#breadcrumb","itemListElement":[{"@type":"ListItem","position":1,"name":"Portada","item":"https:\/\/opticaaltamira.com\/"},{"@type":"ListItem","position":2,"name":"Aviso legal"}]},{"@type":"WebSite","@id":"https:\/\/opticaaltamira.com\/#website","url":"https:\/\/opticaaltamira.com\/","name":"&Oacute;ptica Altamira","description":"","potentialAction":[{"@type":"SearchAction","target":{"@type":"EntryPoint","urlTemplate":"https:\/\/opticaaltamira.com\/?s={search_term_string}"},"query-input":"required name=search_term_string"}],"inLanguage":"es"}]}},"_links":{"self":[{"href":"https:\/\/opticaaltamira.com\/index.php\/wp-json\/wp\/v2\/pages\/215","targetHints":{"allow":["GET"]}}],"collection":[{"href":"https:\/\/opticaaltamira.com\/index.php\/wp-json\/wp\/v2\/pages"}],"about":[{"href":"https:\/\/opticaaltamira.com\/index.php\/wp-json\/wp\/v2\/types\/page"}],"author":[{"embeddable":true,"href":"https:\/\/opticaaltamira.com\/index.php\/wp-json\/wp\/v2\/users\/1"}],"replies":[{"embeddable":true,"href":"https:\/\/opticaaltamira.com\/index.php\/wp-json\/wp\/v2\/comments?post=215"}],"version-history":[{"count":2,"href":"https:\/\/opticaaltamira.com\/index.php\/wp-json\/wp\/v2\/pages\/215\/revisions"}],"predecessor-version":[{"id":219,"href":"https:\/\/opticaaltamira.com\/index.php\/wp-json\/wp\/v2\/pages\/215\/revisions\/219"}],"wp:attachment":[{"href":"https:\/\/opticaaltamira.com\/index.php\/wp-json\/wp\/v2\/media?parent=215"}],"curies":[{"name":"wp","href":"https:\/\/api.w.org\/{rel}","templated":true}]}}